{"id":34,"date":"2026-01-10T00:08:17","date_gmt":"2026-01-09T23:08:17","guid":{"rendered":"http:\/\/serwer410964.lh.pl\/autoinstalator\/serwer410964.lh.pl\/aiwordpress2278\/o-nas\/"},"modified":"2026-03-17T00:48:37","modified_gmt":"2026-03-16T23:48:37","slug":"o-mnie","status":"publish","type":"page","link":"https:\/\/cichonpsycholog.com\/de\/o-mnie\/","title":{"rendered":"O mnie"},"content":{"rendered":"<div class=\"wp-block-group alignfull is-style-ext-preset--group--natural-1--section has-tertiary-background-color has-background has-global-padding is-layout-constrained wp-container-core-group-is-layout-0b8ec9d3 wp-block-group-is-layout-constrained\" id=\"zespol\" style=\"margin-top:0;margin-bottom:0;padding-top:67px;padding-bottom:67px\">\n<div class=\"wp-block-columns alignwide is-layout-flex wp-container-core-columns-is-layout-1d9f35bd wp-block-columns-is-layout-flex\">\n<div class=\"wp-block-column is-layout-flow wp-block-column-is-layout-flow\">\n<figure class=\"wp-block-image size-full\"><img loading=\"lazy\" decoding=\"async\" width=\"800\" height=\"1000\" src=\"https:\/\/cichonpsycholog.com\/wp-content\/uploads\/2026\/03\/Bez-nazwy-800-x-1000-px-2.png\" alt=\"\" class=\"wp-image-455\" srcset=\"https:\/\/cichonpsycholog.com\/wp-content\/uploads\/2026\/03\/Bez-nazwy-800-x-1000-px-2.png 800w, https:\/\/cichonpsycholog.com\/wp-content\/uploads\/2026\/03\/Bez-nazwy-800-x-1000-px-2-240x300.png 240w, https:\/\/cichonpsycholog.com\/wp-content\/uploads\/2026\/03\/Bez-nazwy-800-x-1000-px-2-768x960.png 768w, https:\/\/cichonpsycholog.com\/wp-content\/uploads\/2026\/03\/Bez-nazwy-800-x-1000-px-2-10x12.png 10w\" sizes=\"auto, (max-width: 800px) 100vw, 800px\" \/><\/figure>\n<\/div>\n\n\n\n<div class=\"wp-block-column is-vertically-aligned-stretch is-layout-flow wp-container-core-column-is-layout-119bc444 wp-block-column-is-layout-flow\">\n<blockquote class=\"wp-block-quote is-layout-flow wp-block-quote-is-layout-flow\">\n<h4 class=\"wp-block-heading\" style=\"font-size:clamp(1.092rem, 1.092rem + ((1vw - 0.2rem) * 1.013), 1.7rem);font-style:normal;font-weight:200\"><em><strong>\u201eCz\u0142owiek staje si\u0119 ca\u0142o\u015bci\u0105, gdy pozwala sobie by\u0107 tym, kim jest.\u201d<\/strong><\/em><br>\u2013 Fritz Perls<\/h4>\n<\/blockquote>\n\n\n\n<p>Chcesz ruszy\u0107 w stron\u0119 wi\u0119kszej klarowno\u015bci, <br>spokoju i autentyczno\u015bci?<br><br><strong>Jeste\u015b w dobrym miejscu.<\/strong><\/p>\n\n\n\n<p>Zapraszam osoby, kt\u00f3re chc\u0105 odzyska\u0107 komfort i lekko\u015b\u0107 <br>w codziennym funkcjonowaniu i poczu\u0107 wi\u0119ksz\u0105 sprawczo\u015b\u0107 <br>w swoim \u017cyciu. Je\u015bli chcesz rozwija\u0107 autonomi\u0119, lepiej rozumie\u0107 swoje reakcje i tworzy\u0107 relacje oparte na autentyczno\u015bci &#8211; ch\u0119tnie b\u0119d\u0119 Ci w tym towarzyszy\u0107.<\/p>\n<\/div>\n<\/div>\n<\/div>\n\n\n\n<div class=\"wp-block-group alignfull is-style-ext-preset--group--natural-1--section has-background-background-color has-background has-global-padding is-layout-constrained wp-block-group-is-layout-constrained\" id=\"o-nas\" style=\"margin-top:0;margin-bottom:0;padding-top:var(--wp--preset--spacing--55);padding-bottom:var(--wp--preset--spacing--55)\">\n<div class=\"wp-block-group alignwide is-vertical is-content-justification-center is-layout-flex wp-container-core-group-is-layout-c9ee0c5a wp-block-group-is-layout-flex\">\n<div class=\"wp-block-group has-global-padding is-layout-constrained wp-container-core-group-is-layout-2287c683 wp-block-group-is-layout-constrained\">\n<blockquote class=\"wp-block-quote has-text-align-center is-layout-flow wp-block-quote-is-layout-flow\">\n<h4 class=\"wp-block-heading\" style=\"font-size:clamp(1.092rem, 1.092rem + ((1vw - 0.2rem) * 1.013), 1.7rem);font-style:normal;font-weight:200\"><em><strong>\u201e<strong>Autonomia to umiej\u0119tno\u015b\u0107 bycia sob\u0105, a nie bycia kim\u015b, kim kazano nam by\u0107<\/strong>\u201d<\/strong><\/em><br>\u2013 E. Fromm<\/h4>\n<\/blockquote>\n\n\n\n<p class=\"has-text-align-left\">W swojej pracy towarzysz\u0119 ludziom w odkrywaniu ich <strong>wewn\u0119trznych zasob\u00f3w, budowaniu i zwi\u0119kszaniu autonomii<\/strong> rozumianej jako zdolno\u015b\u0107 do \u015bwiadomego my\u015blenia, <strong>prze\u017cywania i dzia\u0142ania w zgodzie ze sob\u0105<\/strong>. Analiza transakcyjna daje mi narz\u0119dzia, dzi\u0119ki kt\u00f3rym mog\u0119 wspiera\u0107 osoby w lepszym rozumieniu w\u0142asnych schemat\u00f3w, wybor\u00f3w i relacji.<\/p>\n\n\n\n<p>Wierz\u0119, \u017ce ka\u017cdy cz\u0142owiek ma w sobie potencja\u0142 do zmiany i rozwoju, a moj\u0105 rol\u0105 jest stworzenie bezpiecznych warunk\u00f3w, w kt\u00f3rych ten proces mo\u017ce si\u0119 wydarzy\u0107.<\/p>\n\n\n\n<p>Jednocze\u015bnie czerpi\u0119 z paradygmatu Gestalt, kt\u00f3ry podkre\u015bla znaczenie kontaktu z w\u0142asnymi emocjami, cia\u0142em i do\u015bwiadczeniem \u201etu i teraz\u201d. To podej\u015bcie pozwala mi tworzy\u0107 przestrze\u0144, w kt\u00f3rej osoba mo\u017ce uwa\u017cnie przyjrze\u0107 si\u0119 temu, co naprawd\u0119 prze\u017cywa bez oceniania, z ciekawo\u015bci\u0105 i szacunkiem.<\/p>\n\n\n\n<p class=\"has-text-align-left\">Wspieram ludzi w <strong>odzyskiwaniu wp\u0142ywu na swoje \u017cycie<\/strong>, <strong>w budowaniu autentyczno\u015bci <\/strong><br><strong>i w podejmowaniu decyzji<\/strong>, kt\u00f3re wynikaj\u0105 z ich w\u0142asnych potrzeb, a nie z dawnych nakaz\u00f3w czy oczekiwa\u0144 innych.<\/p>\n<\/div>\n<\/div>\n<\/div>\n\n\n\n<div class=\"wp-block-group alignfull is-style-ext-preset--group--natural-1--section has-background-background-color has-background has-global-padding is-layout-constrained wp-container-core-group-is-layout-e955bbaf wp-block-group-is-layout-constrained\" style=\"margin-top:0;margin-bottom:0;padding-top:var(--wp--preset--spacing--70);padding-bottom:var(--wp--preset--spacing--70)\">\n<div class=\"wp-block-group alignwide is-vertical is-layout-flex wp-container-core-group-is-layout-c35747d5 wp-block-group-is-layout-flex\">\n<div class=\"wp-block-group has-global-padding is-layout-constrained wp-container-core-group-is-layout-5e05634a wp-block-group-is-layout-constrained\">\n<h2 class=\"wp-block-heading\">Wsparcie psychologiczne na najwy\u017cszym poziomie<\/h2>\n<\/div>\n<\/div>\n\n\n\n<div class=\"wp-block-columns alignwide is-layout-flex wp-container-core-columns-is-layout-174606dc wp-block-columns-is-layout-flex\">\n<div class=\"wp-block-column is-vertically-aligned-center is-layout-flow wp-block-column-is-layout-flow\">\n<div class=\"wp-block-columns is-layout-flex wp-container-core-columns-is-layout-28f84493 wp-block-columns-is-layout-flex\">\n<div class=\"wp-block-column is-vertically-aligned-stretch is-layout-flow wp-block-column-is-layout-flow\">\n<div class=\"wp-block-group is-style-ext-preset--group--natural-1--item-card-1--align-start has-global-padding is-layout-constrained wp-block-group-is-layout-constrained is-style-ext-preset--group--natural-1--item-card-1--align-start--4\">\n<div class=\"wp-block-group is-style-default has-global-padding is-layout-constrained wp-block-group-is-layout-constrained\">\n<h3 class=\"wp-block-heading has-primary-color has-text-color has-link-color has-x-large-font-size wp-elements-722bc5b1023a6774d5147c8d647f0492\">15 lat<\/h3>\n\n\n\n<h3 class=\"wp-block-heading\">Lat do\u015bwiadczenia<\/h3>\n\n\n\n<p>Profesjonalnego wsparcia psychologicznego i pracy z pacjentami.<\/p>\n<\/div>\n<\/div>\n<\/div>\n\n\n\n<div class=\"wp-block-column is-vertically-aligned-stretch is-layout-flow wp-block-column-is-layout-flow\">\n<div class=\"wp-block-group is-style-ext-preset--group--natural-1--item-card-1--align-start has-global-padding is-layout-constrained wp-block-group-is-layout-constrained is-style-ext-preset--group--natural-1--item-card-1--align-start--5\">\n<div class=\"wp-block-group is-style-default has-global-padding is-layout-constrained wp-block-group-is-layout-constrained\">\n<h3 class=\"wp-block-heading has-primary-color has-text-color has-link-color has-x-large-font-size wp-elements-1b21967c402e03dc5554d0e86164002e\">1000+<\/h3>\n\n\n\n<h3 class=\"wp-block-heading\">Godzin konsultacji<\/h3>\n\n\n\n<p>Indywidualnych sesji pomagaj\u0105cych w pokonywaniu realnych kryzys\u00f3w.<\/p>\n<\/div>\n<\/div>\n<\/div>\n<\/div>\n\n\n\n<div class=\"wp-block-columns is-layout-flex wp-container-core-columns-is-layout-28f84493 wp-block-columns-is-layout-flex\">\n<div class=\"wp-block-column is-vertically-aligned-stretch is-layout-flow wp-block-column-is-layout-flow\">\n<div class=\"wp-block-group is-style-ext-preset--group--natural-1--item-card-1--align-start has-global-padding is-layout-constrained wp-block-group-is-layout-constrained is-style-ext-preset--group--natural-1--item-card-1--align-start--6\">\n<div class=\"wp-block-group is-style-default has-global-padding is-layout-constrained wp-block-group-is-layout-constrained\">\n<h3 class=\"wp-block-heading has-primary-color has-text-color has-link-color has-x-large-font-size wp-elements-46afb168e6a088e8524a0348c1ae9a0d\">300+<\/h3>\n\n\n\n<h3 class=\"wp-block-heading\">Uczestnik\u00f3w program\u00f3w<\/h3>\n\n\n\n<p>Os\u00f3b, kt\u00f3re przesz\u0142y autorskie cykle rozwojowe i warsztatowe.<\/p>\n<\/div>\n<\/div>\n<\/div>\n\n\n\n<div class=\"wp-block-column is-vertically-aligned-stretch is-layout-flow wp-block-column-is-layout-flow\">\n<div class=\"wp-block-group is-style-ext-preset--group--natural-1--item-card-1--align-start has-global-padding is-layout-constrained wp-block-group-is-layout-constrained is-style-ext-preset--group--natural-1--item-card-1--align-start--7\">\n<div class=\"wp-block-group is-style-default has-global-padding is-layout-constrained wp-block-group-is-layout-constrained\">\n<h3 class=\"wp-block-heading has-primary-color has-text-color has-link-color has-x-large-font-size wp-elements-a9cff23247416e3751682f2db6966bf2\">95%<\/h3>\n\n\n\n<h3 class=\"wp-block-heading\">Wska\u017anik satysfakcji<\/h3>\n\n\n\n<p>Najwy\u017csze oceny od uczestnik\u00f3w po ponad 100 przeprowadzonych szkoleniach.<\/p>\n<\/div>\n<\/div>\n<\/div>\n<\/div>\n<\/div>\n\n\n\n<div class=\"wp-block-column is-vertically-aligned-stretch is-layout-flow wp-container-core-column-is-layout-119bc444 wp-block-column-is-layout-flow\">\n<div class=\"wp-block-cover is-style-ext-preset--image--natural-1--image-1--content-bottom is-style-ext-preset--image--natural-1--image-1--content-bottom--8\" style=\"padding-top:0;padding-bottom:0;min-height:100%;aspect-ratio:unset;\"><img loading=\"lazy\" decoding=\"async\" width=\"1024\" height=\"684\" class=\"wp-block-cover__image-background wp-image-485 size-large\" alt=\"\" src=\"https:\/\/cichonpsycholog.com\/wp-content\/uploads\/2026\/03\/congerdesign-book-4600757-1024x684.jpg\" data-object-fit=\"cover\" srcset=\"https:\/\/cichonpsycholog.com\/wp-content\/uploads\/2026\/03\/congerdesign-book-4600757-1024x684.jpg 1024w, https:\/\/cichonpsycholog.com\/wp-content\/uploads\/2026\/03\/congerdesign-book-4600757-300x200.jpg 300w, https:\/\/cichonpsycholog.com\/wp-content\/uploads\/2026\/03\/congerdesign-book-4600757-768x513.jpg 768w, https:\/\/cichonpsycholog.com\/wp-content\/uploads\/2026\/03\/congerdesign-book-4600757-1536x1025.jpg 1536w, https:\/\/cichonpsycholog.com\/wp-content\/uploads\/2026\/03\/congerdesign-book-4600757-2048x1367.jpg 2048w, https:\/\/cichonpsycholog.com\/wp-content\/uploads\/2026\/03\/congerdesign-book-4600757-18x12.jpg 18w\" sizes=\"auto, (max-width: 1024px) 100vw, 1024px\" \/><span aria-hidden=\"true\" class=\"wp-block-cover__background has-background-dim-0 has-background-dim\" style=\"background-color:#807b78\"><\/span><div class=\"wp-block-cover__inner-container is-layout-flow wp-block-cover-is-layout-flow\">\n<div style=\"height:240px\" aria-hidden=\"true\" class=\"wp-block-spacer\"><\/div>\n<\/div><\/div>\n<\/div>\n<\/div>\n<\/div>","protected":false},"excerpt":{"rendered":"<p>\u201eCz\u0142owiek staje si\u0119 ca\u0142o\u015bci\u0105, gdy pozwala sobie by\u0107 tym, kim jest.\u201d\u2013 Fritz Perls Chcesz ruszy\u0107 w stron\u0119 wi\u0119kszej klarowno\u015bci, spokoju i autentyczno\u015bci? Jeste\u015b w dobrym miejscu. Zapraszam osoby, kt\u00f3re chc\u0105 odzyska\u0107 komfort i lekko\u015b\u0107 w codziennym funkcjonowaniu i poczu\u0107 wi\u0119ksz\u0105 sprawczo\u015b\u0107 w swoim \u017cyciu. Je\u015bli chcesz rozwija\u0107 autonomi\u0119, lepiej rozumie\u0107 swoje reakcje i tworzy\u0107 relacje [&hellip;]<\/p>","protected":false},"author":1,"featured_media":0,"parent":0,"menu_order":0,"comment_status":"closed","ping_status":"closed","template":"page-with-title","meta":{"_monsterinsights_skip_tracking":false,"_monsterinsights_sitenote_active":false,"_monsterinsights_sitenote_note":"","_monsterinsights_sitenote_category":0,"footnotes":""},"class_list":["post-34","page","type-page","status-publish","hentry"],"aioseo_notices":[],"_links":{"self":[{"href":"https:\/\/cichonpsycholog.com\/de\/wp-json\/wp\/v2\/pages\/34","targetHints":{"allow":["GET"]}}],"collection":[{"href":"https:\/\/cichonpsycholog.com\/de\/wp-json\/wp\/v2\/pages"}],"about":[{"href":"https:\/\/cichonpsycholog.com\/de\/wp-json\/wp\/v2\/types\/page"}],"author":[{"embeddable":true,"href":"https:\/\/cichonpsycholog.com\/de\/wp-json\/wp\/v2\/users\/1"}],"replies":[{"embeddable":true,"href":"https:\/\/cichonpsycholog.com\/de\/wp-json\/wp\/v2\/comments?post=34"}],"version-history":[{"count":27,"href":"https:\/\/cichonpsycholog.com\/de\/wp-json\/wp\/v2\/pages\/34\/revisions"}],"predecessor-version":[{"id":487,"href":"https:\/\/cichonpsycholog.com\/de\/wp-json\/wp\/v2\/pages\/34\/revisions\/487"}],"wp:attachment":[{"href":"https:\/\/cichonpsycholog.com\/de\/wp-json\/wp\/v2\/media?parent=34"}],"curies":[{"name":"wp","href":"https:\/\/api.w.org\/{rel}","templated":true}]}}