{"id":36,"date":"2026-01-10T00:08:18","date_gmt":"2026-01-09T23:08:18","guid":{"rendered":"http:\/\/serwer410964.lh.pl\/autoinstalator\/serwer410964.lh.pl\/aiwordpress2278\/kontakt\/"},"modified":"2026-01-30T00:08:04","modified_gmt":"2026-01-29T23:08:04","slug":"kontakt","status":"publish","type":"page","link":"https:\/\/cichonpsycholog.com\/de\/kontakt\/","title":{"rendered":""},"content":{"rendered":"<div class=\"wp-block-group alignfull is-style-default has-tertiary-background-color has-background has-global-padding is-layout-constrained wp-block-group-is-layout-constrained\" style=\"border-style:none;border-width:0px;margin-top:0;margin-bottom:0;padding-top:var(--wp--preset--spacing--70);padding-bottom:var(--wp--preset--spacing--70)\">\n<div class=\"wp-block-columns alignwide is-layout-flex wp-container-core-columns-is-layout-08c01c1c wp-block-columns-is-layout-flex\">\n<div class=\"wp-block-column is-vertically-aligned-stretch is-layout-flow wp-container-core-column-is-layout-470e7e12 wp-block-column-is-layout-flow\" style=\"border-style:none;border-width:0px;border-top-left-radius:0px;border-top-right-radius:0px;border-bottom-left-radius:0px;border-bottom-right-radius:0px;padding-top:0;padding-right:0;padding-bottom:0;padding-left:0\">\n<h2 class=\"wp-block-heading has-text-align-center\" style=\"padding-top:0;padding-right:0;padding-bottom:0;padding-left:0;font-size:clamp(24.034px, 1.502rem + ((1vw - 3.2px) * 1.663), 40px);\">Tak si\u0119 ze mn\u0105 skontaktujesz<\/h2>\n\n\n\n<div style=\"height:40px\" aria-hidden=\"true\" class=\"wp-block-spacer\"><\/div>\n\n\n\n<div class=\"wp-block-group alignwide is-style-ext-preset--group--natural-1--item-card-1--align-start has-background-background-color has-background has-global-padding is-layout-constrained wp-container-core-group-is-layout-982ec413 wp-block-group-is-layout-constrained is-style-ext-preset--group--natural-1--item-card-1--align-start--1\" style=\"min-height:75%;padding-top:var(--wp--preset--spacing--20);padding-right:0;padding-bottom:var(--wp--preset--spacing--20);padding-left:0\">\n<div class=\"wp-block-group is-content-justification-left is-nowrap is-layout-flex wp-container-core-group-is-layout-3b9ed39a wp-block-group-is-layout-flex\" style=\"padding-right:var(--wp--preset--spacing--40);padding-left:var(--wp--preset--spacing--40)\">\n<figure class=\"wp-block-image size-thumbnail has-custom-border wp-container-content-1dabbf03\" style=\"margin-top:0;margin-right:0;margin-bottom:0;margin-left:0\"><img loading=\"lazy\" decoding=\"async\" width=\"150\" height=\"150\" src=\"https:\/\/cichonpsycholog.com\/wp-content\/uploads\/2026\/01\/Projekt-bez-nazwy-1-150x150.png\" alt=\"\" class=\"wp-image-247\" style=\"border-style:none;border-width:0px;border-top-left-radius:0px;border-top-right-radius:0px;border-bottom-left-radius:0px;border-bottom-right-radius:0px;aspect-ratio:1;object-fit:cover\" srcset=\"https:\/\/cichonpsycholog.com\/wp-content\/uploads\/2026\/01\/Projekt-bez-nazwy-1-150x150.png 150w, https:\/\/cichonpsycholog.com\/wp-content\/uploads\/2026\/01\/Projekt-bez-nazwy-1-300x300.png 300w, https:\/\/cichonpsycholog.com\/wp-content\/uploads\/2026\/01\/Projekt-bez-nazwy-1-12x12.png 12w, https:\/\/cichonpsycholog.com\/wp-content\/uploads\/2026\/01\/Projekt-bez-nazwy-1.png 625w\" sizes=\"auto, (max-width: 150px) 100vw, 150px\" \/><\/figure>\n\n\n\n<p style=\"font-size:clamp(0.875rem, 0.875rem + ((1vw - 0.2rem) * 0.708), 1.3rem);\"><a href=\"tel:604 807 941\" title=\"\">+48 604 807 941<\/a><\/p>\n<\/div>\n\n\n\n<div class=\"wp-block-group is-content-justification-left is-nowrap is-layout-flex wp-container-core-group-is-layout-3b9ed39a wp-block-group-is-layout-flex\" style=\"padding-right:var(--wp--preset--spacing--40);padding-left:var(--wp--preset--spacing--40)\">\n<figure class=\"wp-block-image size-thumbnail has-custom-border wp-container-content-1dabbf03\" style=\"margin-top:0;margin-right:0;margin-bottom:0;margin-left:0\"><img loading=\"lazy\" decoding=\"async\" width=\"150\" height=\"150\" src=\"https:\/\/cichonpsycholog.com\/wp-content\/uploads\/2026\/01\/Projekt-bez-nazwy-3-150x150.png\" alt=\"\" class=\"wp-image-249\" style=\"border-style:none;border-width:0px;border-top-left-radius:0px;border-top-right-radius:0px;border-bottom-left-radius:0px;border-bottom-right-radius:0px;aspect-ratio:1;object-fit:cover\" srcset=\"https:\/\/cichonpsycholog.com\/wp-content\/uploads\/2026\/01\/Projekt-bez-nazwy-3-150x150.png 150w, https:\/\/cichonpsycholog.com\/wp-content\/uploads\/2026\/01\/Projekt-bez-nazwy-3-300x300.png 300w, https:\/\/cichonpsycholog.com\/wp-content\/uploads\/2026\/01\/Projekt-bez-nazwy-3-12x12.png 12w, https:\/\/cichonpsycholog.com\/wp-content\/uploads\/2026\/01\/Projekt-bez-nazwy-3.png 625w\" sizes=\"auto, (max-width: 150px) 100vw, 150px\" \/><\/figure>\n\n\n\n<p style=\"font-size:clamp(0.875rem, 0.875rem + ((1vw - 0.2rem) * 0.708), 1.3rem);\"><a href=\"mailto:kontakt@cichonpsycholog.com\" title=\"\">kontakt@cichonpsycholog.com<\/a><\/p>\n<\/div>\n\n\n\n<div class=\"wp-block-group is-content-justification-left is-nowrap is-layout-flex wp-container-core-group-is-layout-3b9ed39a wp-block-group-is-layout-flex\" style=\"padding-right:var(--wp--preset--spacing--40);padding-left:var(--wp--preset--spacing--40)\">\n<figure class=\"wp-block-image size-thumbnail has-custom-border wp-container-content-1dabbf03\" style=\"margin-top:0;margin-right:0;margin-bottom:0;margin-left:0\"><img loading=\"lazy\" decoding=\"async\" width=\"150\" height=\"150\" src=\"https:\/\/cichonpsycholog.com\/wp-content\/uploads\/2026\/01\/Projekt-bez-nazwy-2-150x150.png\" alt=\"\" class=\"wp-image-248\" style=\"border-style:none;border-width:0px;border-top-left-radius:0px;border-top-right-radius:0px;border-bottom-left-radius:0px;border-bottom-right-radius:0px;aspect-ratio:1;object-fit:cover\" srcset=\"https:\/\/cichonpsycholog.com\/wp-content\/uploads\/2026\/01\/Projekt-bez-nazwy-2-150x150.png 150w, https:\/\/cichonpsycholog.com\/wp-content\/uploads\/2026\/01\/Projekt-bez-nazwy-2-300x300.png 300w, https:\/\/cichonpsycholog.com\/wp-content\/uploads\/2026\/01\/Projekt-bez-nazwy-2-12x12.png 12w, https:\/\/cichonpsycholog.com\/wp-content\/uploads\/2026\/01\/Projekt-bez-nazwy-2.png 625w\" sizes=\"auto, (max-width: 150px) 100vw, 150px\" \/><\/figure>\n\n\n\n<p style=\"font-size:clamp(0.875rem, 0.875rem + ((1vw - 0.2rem) * 0.708), 1.3rem);\">Um\u00f3w wizyt\u0119 na <a href=\"#twojpsycholog\" title=\"\">twojpsycholog.pl<\/a><\/p>\n<\/div>\n<\/div>\n<\/div>\n\n\n\n<div class=\"wp-block-column is-vertically-aligned-stretch is-layout-flow wp-container-core-column-is-layout-470e7e12 wp-block-column-is-layout-flow\" style=\"border-style:none;border-width:0px;border-top-left-radius:0px;border-top-right-radius:0px;border-bottom-left-radius:0px;border-bottom-right-radius:0px;padding-top:0;padding-right:0;padding-bottom:0;padding-left:0\">\n<h2 class=\"wp-block-heading has-text-align-center\" style=\"font-size:clamp(24.034px, 1.502rem + ((1vw - 3.2px) * 1.663), 40px);\">Tutaj mo\u017cemy si\u0119&nbsp; spotka\u0107<\/h2>\n\n\n\n<div style=\"height:40px\" aria-hidden=\"true\" class=\"wp-block-spacer\"><\/div>\n\n\n\n<div class=\"wp-block-group alignwide is-style-ext-preset--group--natural-1--item-card-1--align-start has-background-background-color has-background has-global-padding is-layout-constrained wp-container-core-group-is-layout-982ec413 wp-block-group-is-layout-constrained is-style-ext-preset--group--natural-1--item-card-1--align-start--2\" style=\"min-height:75%;padding-top:var(--wp--preset--spacing--20);padding-right:0;padding-bottom:var(--wp--preset--spacing--20);padding-left:0\">\n<div class=\"wp-block-group is-content-justification-left is-nowrap is-layout-flex wp-container-core-group-is-layout-3b9ed39a wp-block-group-is-layout-flex\" style=\"padding-right:var(--wp--preset--spacing--40);padding-left:var(--wp--preset--spacing--40)\">\n<figure class=\"wp-block-image size-thumbnail has-custom-border wp-container-content-1dabbf03\" style=\"margin-top:0;margin-right:0;margin-bottom:0;margin-left:0\"><img loading=\"lazy\" decoding=\"async\" width=\"150\" height=\"150\" src=\"https:\/\/cichonpsycholog.com\/wp-content\/uploads\/2026\/01\/Projekt-bez-nazwy-4-150x150.png\" alt=\"\" class=\"wp-image-333\" style=\"border-style:none;border-width:0px;border-top-left-radius:0px;border-top-right-radius:0px;border-bottom-left-radius:0px;border-bottom-right-radius:0px;aspect-ratio:1;object-fit:cover\" srcset=\"https:\/\/cichonpsycholog.com\/wp-content\/uploads\/2026\/01\/Projekt-bez-nazwy-4-150x150.png 150w, https:\/\/cichonpsycholog.com\/wp-content\/uploads\/2026\/01\/Projekt-bez-nazwy-4-300x300.png 300w, https:\/\/cichonpsycholog.com\/wp-content\/uploads\/2026\/01\/Projekt-bez-nazwy-4-12x12.png 12w, https:\/\/cichonpsycholog.com\/wp-content\/uploads\/2026\/01\/Projekt-bez-nazwy-4.png 625w\" sizes=\"auto, (max-width: 150px) 100vw, 150px\" \/><\/figure>\n\n\n\n<p style=\"font-size:clamp(0.875rem, 0.875rem + ((1vw - 0.2rem) * 0.708), 1.3rem);\"><a href=\"https:\/\/maps.app.goo.gl\/dbPUfotRZLjUNDFV6\" target=\"_blank\" rel=\"noopener\" title=\"\">ul. Szyd\u0142owska 18\/3 Pozna\u0144<\/a><\/p>\n<\/div>\n\n\n\n<div class=\"wp-block-group is-content-justification-left is-nowrap is-layout-flex wp-container-core-group-is-layout-3b9ed39a wp-block-group-is-layout-flex\" style=\"padding-right:var(--wp--preset--spacing--40);padding-left:var(--wp--preset--spacing--40)\">\n<figure class=\"wp-block-image size-thumbnail has-custom-border wp-container-content-1dabbf03\" style=\"margin-top:0;margin-right:0;margin-bottom:0;margin-left:0\"><img loading=\"lazy\" decoding=\"async\" width=\"150\" height=\"150\" src=\"https:\/\/cichonpsycholog.com\/wp-content\/uploads\/2026\/01\/Projekt-bez-nazwy-4-150x150.png\" alt=\"\" class=\"wp-image-333\" style=\"border-style:none;border-width:0px;border-top-left-radius:0px;border-top-right-radius:0px;border-bottom-left-radius:0px;border-bottom-right-radius:0px;aspect-ratio:1;object-fit:cover\" srcset=\"https:\/\/cichonpsycholog.com\/wp-content\/uploads\/2026\/01\/Projekt-bez-nazwy-4-150x150.png 150w, https:\/\/cichonpsycholog.com\/wp-content\/uploads\/2026\/01\/Projekt-bez-nazwy-4-300x300.png 300w, https:\/\/cichonpsycholog.com\/wp-content\/uploads\/2026\/01\/Projekt-bez-nazwy-4-12x12.png 12w, https:\/\/cichonpsycholog.com\/wp-content\/uploads\/2026\/01\/Projekt-bez-nazwy-4.png 625w\" sizes=\"auto, (max-width: 150px) 100vw, 150px\" \/><\/figure>\n\n\n\n<p style=\"font-size:clamp(0.875rem, 0.875rem + ((1vw - 0.2rem) * 0.708), 1.3rem);\"><a href=\"https:\/\/maps.app.goo.gl\/9hGayyHfJUTDXBH99\" target=\"_blank\" rel=\"noopener\" title=\"\">ul. Czajcza 2\/5 , Pozna\u0144<\/a><\/p>\n<\/div>\n\n\n\n<div class=\"wp-block-group is-content-justification-left is-nowrap is-layout-flex wp-container-core-group-is-layout-3b9ed39a wp-block-group-is-layout-flex\" style=\"padding-right:var(--wp--preset--spacing--40);padding-left:var(--wp--preset--spacing--40)\">\n<figure class=\"wp-block-image size-thumbnail has-custom-border wp-container-content-1dabbf03\" style=\"margin-top:0;margin-right:0;margin-bottom:0;margin-left:0\"><img loading=\"lazy\" decoding=\"async\" width=\"150\" height=\"150\" src=\"https:\/\/cichonpsycholog.com\/wp-content\/uploads\/2026\/01\/Projekt-bez-nazwy-4-150x150.png\" alt=\"\" class=\"wp-image-333\" style=\"border-style:none;border-width:0px;border-top-left-radius:0px;border-top-right-radius:0px;border-bottom-left-radius:0px;border-bottom-right-radius:0px;aspect-ratio:1;object-fit:cover\" srcset=\"https:\/\/cichonpsycholog.com\/wp-content\/uploads\/2026\/01\/Projekt-bez-nazwy-4-150x150.png 150w, https:\/\/cichonpsycholog.com\/wp-content\/uploads\/2026\/01\/Projekt-bez-nazwy-4-300x300.png 300w, https:\/\/cichonpsycholog.com\/wp-content\/uploads\/2026\/01\/Projekt-bez-nazwy-4-12x12.png 12w, https:\/\/cichonpsycholog.com\/wp-content\/uploads\/2026\/01\/Projekt-bez-nazwy-4.png 625w\" sizes=\"auto, (max-width: 150px) 100vw, 150px\" \/><\/figure>\n\n\n\n<p style=\"font-size:clamp(0.875rem, 0.875rem + ((1vw - 0.2rem) * 0.708), 1.3rem);\"><a href=\"https:\/\/maps.app.goo.gl\/6PtR6qmtS4XBG6sDA\" title=\"\">ul. Hiacyntowa 36e\/2, Pozna\u0144<\/a><\/p>\n<\/div>\n<\/div>\n<\/div>\n<\/div>\n<\/div>","protected":false},"excerpt":{"rendered":"","protected":false},"author":1,"featured_media":0,"parent":0,"menu_order":0,"comment_status":"closed","ping_status":"closed","template":"page-with-title","meta":{"_monsterinsights_skip_tracking":false,"_monsterinsights_sitenote_active":false,"_monsterinsights_sitenote_note":"","_monsterinsights_sitenote_category":0,"footnotes":""},"class_list":["post-36","page","type-page","status-publish","hentry"],"aioseo_notices":[],"_links":{"self":[{"href":"https:\/\/cichonpsycholog.com\/de\/wp-json\/wp\/v2\/pages\/36","targetHints":{"allow":["GET"]}}],"collection":[{"href":"https:\/\/cichonpsycholog.com\/de\/wp-json\/wp\/v2\/pages"}],"about":[{"href":"https:\/\/cichonpsycholog.com\/de\/wp-json\/wp\/v2\/types\/page"}],"author":[{"embeddable":true,"href":"https:\/\/cichonpsycholog.com\/de\/wp-json\/wp\/v2\/users\/1"}],"replies":[{"embeddable":true,"href":"https:\/\/cichonpsycholog.com\/de\/wp-json\/wp\/v2\/comments?post=36"}],"version-history":[{"count":29,"href":"https:\/\/cichonpsycholog.com\/de\/wp-json\/wp\/v2\/pages\/36\/revisions"}],"predecessor-version":[{"id":366,"href":"https:\/\/cichonpsycholog.com\/de\/wp-json\/wp\/v2\/pages\/36\/revisions\/366"}],"wp:attachment":[{"href":"https:\/\/cichonpsycholog.com\/de\/wp-json\/wp\/v2\/media?parent=36"}],"curies":[{"name":"wp","href":"https:\/\/api.w.org\/{rel}","templated":true}]}}